{"id":54,"date":"2023-07-02T12:18:46","date_gmt":"2023-07-02T12:18:46","guid":{"rendered":"https:\/\/florreichl.com\/?page_id=54"},"modified":"2024-05-03T07:09:20","modified_gmt":"2024-05-03T07:09:20","slug":"tienda","status":"publish","type":"page","link":"https:\/\/florreichl.com\/?page_id=54","title":{"rendered":"Tienda"},"content":{"rendered":"\t\t<div data-elementor-type=\"wp-page\" data-elementor-id=\"54\" class=\"elementor elementor-54\">\n\t\t\t\t\t\t<section class=\"elementor-section elementor-top-section elementor-element elementor-element-23c6322c elementor-section-boxed elementor-section-height-default elementor-section-height-default\" data-id=\"23c6322c\" data-element_type=\"section\">\n\t\t\t\t\t\t<div class=\"elementor-container elementor-column-gap-default\">\n\t\t\t\t\t<div class=\"elementor-column elementor-col-100 elementor-top-column elementor-element elementor-element-6f7f37c\" data-id=\"6f7f37c\" data-element_type=\"column\">\n\t\t\t<div class=\"elementor-widget-wrap\">\n\t\t\t\t\t\t\t<\/div>\n\t\t<\/div>\n\t\t\t\t\t<\/div>\n\t\t<\/section>\n\t\t<div class=\"elementor-element elementor-element-0ef566e e-flex e-con-boxed e-con e-parent\" data-id=\"0ef566e\" data-element_type=\"container\">\n\t\t\t\t\t<div class=\"e-con-inner\">\n\t\t<div class=\"elementor-element elementor-element-735f45b e-flex e-con-boxed e-con e-child\" data-id=\"735f45b\" data-element_type=\"container\">\n\t\t\t\t\t<div class=\"e-con-inner\">\n\t\t\t\t<div class=\"elementor-element elementor-element-a1bd1cf elementor-widget elementor-widget-heading\" data-id=\"a1bd1cf\" data-element_type=\"widget\" data-widget_type=\"heading.default\">\n\t\t\t\t<div class=\"elementor-widget-container\">\n\t\t\t\t\t<h2 class=\"elementor-heading-title elementor-size-default\">La sombra del pasado. Volumen 1: Luces de invierno.<\/h2>\t\t\t\t<\/div>\n\t\t\t\t<\/div>\n\t\t\t\t\t<\/div>\n\t\t\t\t<\/div>\n\t\t\t\t\t<\/div>\n\t\t\t\t<\/div>\n\t\t<div class=\"elementor-element elementor-element-b838410 e-flex e-con-boxed e-con e-parent\" data-id=\"b838410\" data-element_type=\"container\">\n\t\t\t\t\t<div class=\"e-con-inner\">\n\t\t<div class=\"elementor-element elementor-element-5b5ed78 e-con-full e-flex e-con e-child\" data-id=\"5b5ed78\" data-element_type=\"container\">\n\t\t\t\t<div class=\"elementor-element elementor-element-24c6979 elementor-widget elementor-widget-image\" data-id=\"24c6979\" data-element_type=\"widget\" data-widget_type=\"image.default\">\n\t\t\t\t<div class=\"elementor-widget-container\">\n\t\t\t\t\t\t\t\t\t\t\t\t\t\t\t\t<a href=\"https:\/\/conmdemujer.es\/producto\/la-sombra-del-pasado\/\">\n\t\t\t\t\t\t\t<img decoding=\"async\" src=\"https:\/\/i0.wp.com\/conmdemujer.es\/wp-content\/uploads\/2023\/06\/Cubierta-final-La-sombra-del-pasado-1-1-scaled.jpg?fit=1642%2C2560&#038;ssl=1\" title=\"\" alt=\"\" loading=\"lazy\" \/>\t\t\t\t\t\t\t\t<\/a>\n\t\t\t\t\t\t\t\t\t\t\t\t\t\t\t<\/div>\n\t\t\t\t<\/div>\n\t\t\t\t<div class=\"elementor-element elementor-element-670905c elementor-widget elementor-widget-html\" data-id=\"670905c\" data-element_type=\"widget\" data-widget_type=\"html.default\">\n\t\t\t\t<div class=\"elementor-widget-container\">\n\t\t\t\t\t<form class=\"cart\" action=\"https:\/\/conmdemujer.es\/producto\/la-sombra-del-pasado\/\" method=\"post\" enctype=\"multipart\/form-data\">\n\t\t\n\t\t<div class=\"quantity\">\n\t\t<label class=\"screen-reader-text\" for=\"quantity_64a9bfe2d802c\">La sombra del pasado cantidad<\/label>\n\t<input type=\"number\" id=\"quantity_64a9bfe2d802c\" class=\"input-text qty text\" name=\"quantity\" value=\"1\" aria-label=\"Cantidad de productos\" size=\"4\" min=\"1\" max=\"\" step=\"1\" placeholder=\"\" inputmode=\"numeric\" autocomplete=\"off\">\n\t<\/div>\n\n\t\t<button type=\"submit\" name=\"add-to-cart\" value=\"3567\" class=\"single_add_to_cart_button button alt\">A\u00f1adir al carrito<\/button>\n\n\t\t\t<\/form>\t\t\t\t<\/div>\n\t\t\t\t<\/div>\n\t\t\t\t<\/div>\n\t\t<div class=\"elementor-element elementor-element-09c8636 e-con-full e-flex e-con e-child\" data-id=\"09c8636\" data-element_type=\"container\">\n\t\t<div class=\"elementor-element elementor-element-9a47af2 e-flex e-con-boxed e-con e-child\" data-id=\"9a47af2\" data-element_type=\"container\">\n\t\t\t\t\t<div class=\"e-con-inner\">\n\t\t\t\t<div class=\"elementor-element elementor-element-778ede0 elementor-widget elementor-widget-text-editor\" data-id=\"778ede0\" data-element_type=\"widget\" data-widget_type=\"text-editor.default\">\n\t\t\t\t<div class=\"elementor-widget-container\">\n\t\t\t\t\t\t\t\t\t<h6>Flor Reichl<\/h6><p>ISBN: 9788419701596<br \/>P\u00e1ginas: 304<br \/>G\u00e9nero: Ficci\u00f3n Contempor\u00e1nea<br \/>IBIC:<br \/>A\u00f1o: Jun-2023<br \/>Formato: PAPEL<\/p>\t\t\t\t\t\t\t\t<\/div>\n\t\t\t\t<\/div>\n\t\t\t\t<div class=\"elementor-element elementor-element-56014b1 elementor-widget elementor-widget-text-editor\" data-id=\"56014b1\" data-element_type=\"widget\" data-widget_type=\"text-editor.default\">\n\t\t\t\t<div class=\"elementor-widget-container\">\n\t\t\t\t\t\t\t\t\t<p><span id=\"m_-979730167534698942page155R_mcid9\"><span dir=\"ltr\" role=\"presentation\">Cristina, una joven estad\u00edstica originaria de Santander, lleva <\/span><\/span><span id=\"m_-979730167534698942page155R_mcid10\"><span dir=\"ltr\" role=\"presentation\">viviendo en Madrid desde que comenz\u00f3 la universidad.<\/span><\/span><span id=\"m_-979730167534698942page155R_mcid11\"><br role=\"presentation\" \/><span dir=\"ltr\" role=\"presentation\">A pesar de echar de menos sus ra\u00edces c\u00e1ntabras, decidi\u00f3 <\/span><\/span><span id=\"m_-979730167534698942page155R_mcid12\"><span dir=\"ltr\" role=\"presentation\">quedarse en la capital incluso despu\u00e9s de haber terminado <\/span><\/span><span id=\"m_-979730167534698942page155R_mcid13\"><span dir=\"ltr\" role=\"presentation\">sus estudios. Dado que, afortunadamente, su mejor amigo,<\/span><\/span><span id=\"m_-979730167534698942page155R_mcid14\"> <span dir=\"ltr\" role=\"presentation\">Carlos, tambi\u00e9n vive en Madrid, no se siente tan sola. Sin <\/span><\/span><span id=\"m_-979730167534698942page155R_mcid15\"><span dir=\"ltr\" role=\"presentation\">embargo, cuando Carlos comienza una relaci\u00f3n seria con <\/span><\/span><span id=\"m_-979730167534698942page155R_mcid16\"><span dir=\"ltr\" role=\"presentation\">otra chica, todo cambia.<\/span><\/span><span id=\"m_-979730167534698942page155R_mcid17\"><br role=\"presentation\" \/><span dir=\"ltr\" role=\"presentation\">Cuando Cristina decide distanciarse de Carlos, conoce a <\/span><\/span><span id=\"m_-979730167534698942page155R_mcid18\"><span dir=\"ltr\" role=\"presentation\">Sebasti\u00e1n, con quien tiene bastantes cosas en com\u00fan. No <\/span><\/span><span id=\"m_-979730167534698942page155R_mcid19\"><span dir=\"ltr\" role=\"presentation\">obstante, las consecuencias de todas esas decisiones ser\u00e1n <\/span><\/span><span id=\"m_-979730167534698942page155R_mcid20\"><span dir=\"ltr\" role=\"presentation\">tan catastr\u00f3ficas como el destrozo que deja un hurac\u00e1n a <\/span><\/span><span id=\"m_-979730167534698942page155R_mcid21\"><span dir=\"ltr\" role=\"presentation\">su paso: no solo su vida da un vuelco, sino tambi\u00e9n la de <\/span><\/span><span id=\"m_-979730167534698942page155R_mcid22\"><span dir=\"ltr\" role=\"presentation\">todas y cada una de las personas que la rodean.<\/span><\/span><span id=\"m_-979730167534698942page155R_mcid23\"><br role=\"presentation\" \/><span dir=\"ltr\" role=\"presentation\">En este volumen de la novela se invita al lector no solo a <\/span><\/span><span id=\"m_-979730167534698942page155R_mcid24\"><span dir=\"ltr\" role=\"presentation\">conocer la trama, sino tambi\u00e9n a resolver los problemas <\/span><\/span><span id=\"m_-979730167534698942page155R_mcid25\"><span dir=\"ltr\" role=\"presentation\">que se plantean a lo largo de tanto el primer como el <\/span><\/span><span id=\"m_-979730167534698942page155R_mcid26\"><span dir=\"ltr\" role=\"presentation\">segundo volumen. Todo ello se centra en la vida de Cristina <\/span><\/span><span id=\"m_-979730167534698942page155R_mcid27\"><span dir=\"ltr\" role=\"presentation\">y sus relaciones interpersonales.<br \/><\/span><\/span><\/p>\t\t\t\t\t\t\t\t<\/div>\n\t\t\t\t<\/div>\n\t\t\t\t\t<\/div>\n\t\t\t\t<\/div>\n\t\t\t\t<\/div>\n\t\t\t\t\t<\/div>\n\t\t\t\t<\/div>\n\t\t<div class=\"elementor-element elementor-element-0e0e333 e-flex e-con-boxed e-con e-parent\" data-id=\"0e0e333\" data-element_type=\"container\">\n\t\t\t\t\t<div class=\"e-con-inner\">\n\t\t\t\t\t<\/div>\n\t\t\t\t<\/div>\n\t\t\t\t<\/div>\n\t\t","protected":false},"excerpt":{"rendered":"<p>La sombra del pasado. Volumen 1: Luces de invierno. La sombra del pasado cantidad A\u00f1adir al carrito Flor Reichl ISBN: 9788419701596P\u00e1ginas: 304G\u00e9nero: Ficci\u00f3n Contempor\u00e1neaIBIC:A\u00f1o: Jun-2023Formato: PAPEL Cristina, una joven estad\u00edstica originaria de Santander, lleva viviendo en Madrid desde que comenz\u00f3 la universidad.A pesar de echar de menos sus ra\u00edces c\u00e1ntabras, decidi\u00f3 quedarse en la capital incluso despu\u00e9s de haber terminado sus estudios. Dado que, afortunadamente, su mejor amigo, Carlos, tambi\u00e9n vive en Madrid, no se siente tan sola. Sin embargo, cuando Carlos comienza una relaci\u00f3n seria con otra chica, todo cambia.Cuando Cristina decide distanciarse de Carlos, conoce a Sebasti\u00e1n, con quien tiene bastantes cosas en com\u00fan. No obstante, las consecuencias de todas esas decisiones ser\u00e1n tan catastr\u00f3ficas como el destrozo que deja un hurac\u00e1n a su paso: no solo su vida da un vuelco, sino tambi\u00e9n la de todas y cada una de las personas que la rodean.En este volumen de la novela se invita al lector no solo a conocer la trama, sino tambi\u00e9n a resolver los problemas que se plantean a lo largo de tanto el primer como el segundo volumen. Todo ello se centra en la vida de Cristina y sus relaciones interpersonales.<\/p>\n","protected":false},"author":1,"featured_media":0,"parent":0,"menu_order":0,"comment_status":"closed","ping_status":"closed","template":"","meta":{"om_disable_all_campaigns":false,"_monsterinsights_skip_tracking":false,"_monsterinsights_sitenote_active":false,"_monsterinsights_sitenote_note":"","_monsterinsights_sitenote_category":0,"footnotes":""},"class_list":["post-54","page","type-page","status-publish","hentry"],"aioseo_notices":[],"_links":{"self":[{"href":"https:\/\/florreichl.com\/index.php?rest_route=\/wp\/v2\/pages\/54","targetHints":{"allow":["GET"]}}],"collection":[{"href":"https:\/\/florreichl.com\/index.php?rest_route=\/wp\/v2\/pages"}],"about":[{"href":"https:\/\/florreichl.com\/index.php?rest_route=\/wp\/v2\/types\/page"}],"author":[{"embeddable":true,"href":"https:\/\/florreichl.com\/index.php?rest_route=\/wp\/v2\/users\/1"}],"replies":[{"embeddable":true,"href":"https:\/\/florreichl.com\/index.php?rest_route=%2Fwp%2Fv2%2Fcomments&post=54"}],"version-history":[{"count":45,"href":"https:\/\/florreichl.com\/index.php?rest_route=\/wp\/v2\/pages\/54\/revisions"}],"predecessor-version":[{"id":383,"href":"https:\/\/florreichl.com\/index.php?rest_route=\/wp\/v2\/pages\/54\/revisions\/383"}],"wp:attachment":[{"href":"https:\/\/florreichl.com\/index.php?rest_route=%2Fwp%2Fv2%2Fmedia&parent=54"}],"curies":[{"name":"wp","href":"https:\/\/api.w.org\/{rel}","templated":true}]}}