{"id":206,"date":"2023-07-08T20:36:32","date_gmt":"2023-07-08T20:36:32","guid":{"rendered":"https:\/\/florreichl.com\/?page_id=206"},"modified":"2023-07-09T11:34:37","modified_gmt":"2023-07-09T11:34:37","slug":"aviso-legal","status":"publish","type":"page","link":"https:\/\/florreichl.com\/?page_id=206","title":{"rendered":"Aviso legal"},"content":{"rendered":"<h2><strong>Aviso legal<\/strong><\/h2>\n<p>En cumplimiento con el deber de informaci\u00f3n recogido en el art\u00edculo 10 de la Ley 34\/2002, de 11 de julio, de Servicios de la Sociedad de la Informaci\u00f3n y de Comercio Electr\u00f3nico, le informamos que la URL www.florreichl.com (en adelante \u00abel Portal\u00bb) es un dominio propiedad de Flor Reichl (en adelante, \u00abla Entidad\u00bb).<\/p>\n<p>Todas las marcas, nombres comerciales o signos distintivos de cualquier clase que aparecen en el Portal son propiedad de la Entidad o de terceros, sin que pueda entenderse que el uso o acceso al sitio y\/o a los servicios, atribuya al usuario derecho alguno sobre las citadas marcas, nombres comerciales y\/o signos distintivos.<br \/>\nAsimismo, los contenidos publicados en la web, su dise\u00f1o gr\u00e1fico, im\u00e1genes, bases de datos y c\u00f3digo fuente son propiedad intelectual de la Entidad o de terceros, sin que puedan entenderse cedidos al usuario, en virtud de lo establecido en este Aviso legal, ninguno de los derechos de explotaci\u00f3n que existen o puedan existir sobre dichos contenidos m\u00e1s all\u00e1 de lo estrictamente necesario para el correcto uso del Portal y de los servicios que se prestan a trav\u00e9s de \u00e9l.<\/p>\n<p>Le recordamos que en caso de que usted sea persona f\u00edsica que act\u00fae con fines ajenos a sus actividades comerciales o empresariales, a su oficio o a su profesi\u00f3n, puede acudir a la plataforma de resoluci\u00f3n de litigios en l\u00ednea que puede encontrar en el siguiente enlace: http:\/\/ec.europa.eu\/consumers\/odr\/<br \/>\nEl acceso a este web site es responsabilidad exclusiva de los usuarios. El simple acceso al Portal no supone entablar ning\u00fan tipo de relaci\u00f3n de car\u00e1cter comercial entre la Entidad y el usuario. Accediendo a \u00e9l acepta los siguientes t\u00e9rminos y condiciones.<\/p>\n<p>Puede contactar con nosotros a trav\u00e9s de la direcci\u00f3n email author@florreichl.com.<\/p>\n","protected":false},"excerpt":{"rendered":"<p>Aviso legal En cumplimiento con el deber de informaci\u00f3n recogido en el art\u00edculo 10 de la Ley 34\/2002, de 11 de julio, de Servicios de la Sociedad de la Informaci\u00f3n y de Comercio Electr\u00f3nico, le informamos que la URL www.florreichl.com (en adelante \u00abel Portal\u00bb) es un dominio propiedad de Flor Reichl (en adelante, \u00abla Entidad\u00bb). Todas las marcas, nombres comerciales o signos distintivos de cualquier clase que aparecen en el Portal son propiedad de la Entidad o de terceros, sin que pueda entenderse que el uso o acceso al sitio y\/o a los servicios, atribuya al usuario derecho alguno sobre las citadas marcas, nombres comerciales y\/o signos distintivos. Asimismo, los contenidos publicados en la web, su dise\u00f1o gr\u00e1fico, im\u00e1genes, bases de datos y c\u00f3digo fuente son propiedad intelectual de la Entidad o de terceros, sin que puedan entenderse cedidos al usuario, en virtud de lo establecido en este Aviso legal, ninguno de los derechos de explotaci\u00f3n que existen o puedan existir sobre dichos contenidos m\u00e1s all\u00e1 de lo estrictamente necesario para el correcto uso del Portal y de los servicios que se prestan a trav\u00e9s de \u00e9l. Le recordamos que en caso de que usted sea persona f\u00edsica que act\u00fae con fines ajenos a sus actividades comerciales o empresariales, a su oficio o a su profesi\u00f3n, puede acudir a la plataforma de resoluci\u00f3n de litigios en l\u00ednea que puede encontrar en el siguiente enlace: http:\/\/ec.europa.eu\/consumers\/odr\/ El acceso a este web site es responsabilidad exclusiva de los usuarios. El simple acceso al Portal no supone entablar ning\u00fan tipo de relaci\u00f3n de car\u00e1cter comercial entre la Entidad y el usuario. Accediendo a \u00e9l acepta los siguientes t\u00e9rminos y condiciones. Puede contactar con nosotros a trav\u00e9s de la direcci\u00f3n email author@florreichl.com.<\/p>\n","protected":false},"author":2,"featured_media":0,"parent":0,"menu_order":0,"comment_status":"closed","ping_status":"closed","template":"","meta":{"om_disable_all_campaigns":false,"_monsterinsights_skip_tracking":false,"_monsterinsights_sitenote_active":false,"_monsterinsights_sitenote_note":"","_monsterinsights_sitenote_category":0,"footnotes":""},"class_list":["post-206","page","type-page","status-publish","hentry"],"aioseo_notices":[],"_links":{"self":[{"href":"https:\/\/florreichl.com\/index.php?rest_route=\/wp\/v2\/pages\/206","targetHints":{"allow":["GET"]}}],"collection":[{"href":"https:\/\/florreichl.com\/index.php?rest_route=\/wp\/v2\/pages"}],"about":[{"href":"https:\/\/florreichl.com\/index.php?rest_route=\/wp\/v2\/types\/page"}],"author":[{"embeddable":true,"href":"https:\/\/florreichl.com\/index.php?rest_route=\/wp\/v2\/users\/2"}],"replies":[{"embeddable":true,"href":"https:\/\/florreichl.com\/index.php?rest_route=%2Fwp%2Fv2%2Fcomments&post=206"}],"version-history":[{"count":6,"href":"https:\/\/florreichl.com\/index.php?rest_route=\/wp\/v2\/pages\/206\/revisions"}],"predecessor-version":[{"id":233,"href":"https:\/\/florreichl.com\/index.php?rest_route=\/wp\/v2\/pages\/206\/revisions\/233"}],"wp:attachment":[{"href":"https:\/\/florreichl.com\/index.php?rest_route=%2Fwp%2Fv2%2Fmedia&parent=206"}],"curies":[{"name":"wp","href":"https:\/\/api.w.org\/{rel}","templated":true}]}}