{"id":199,"date":"2023-07-08T20:29:44","date_gmt":"2023-07-08T20:29:44","guid":{"rendered":"https:\/\/florreichl.com\/?page_id=199"},"modified":"2023-07-09T11:26:18","modified_gmt":"2023-07-09T11:26:18","slug":"politica-de-privacidad","status":"publish","type":"page","link":"https:\/\/florreichl.com\/?page_id=199","title":{"rendered":"Pol\u00edtica de privacidad"},"content":{"rendered":"<h2><strong>Pol\u00edtica de privacidad<\/strong><\/h2>\n<p>Esta Pol\u00edtica de privacidad describe las pol\u00edticas de Flor Reichl, -, Cantabria -, Espa\u00f1a, email: author@florreichl.com, tel\u00e9fono: &#8211; sobre la recopilaci\u00f3n, uso y divulgaci\u00f3n de su informaci\u00f3n que recopilamos cuando usted utiliza nuestro sitio web ( https:\/\/florreichl.com ). (el \u00abServicio \u00bb). Al acceder o utilizar el Servicio, usted consiente la recogida, uso y divulgaci\u00f3n de su informaci\u00f3n de acuerdo con esta Pol\u00edtica de privacidad. Si no da su consentimiento, le rogamos que no acceda al Servicio ni lo utilice.<\/p>\n<p>Podemos modificar esta Pol\u00edtica de privacidad en cualquier momento sin previo aviso y publicaremos la Pol\u00edtica de privacidad revisada en el Servicio. La Pol\u00edtica revisada entrar\u00e1 en vigor a los 180 d\u00edas de su publicaci\u00f3n en el Servicio y su acceso o uso continuado del Servicio despu\u00e9s de dicho plazo constituir\u00e1 su aceptaci\u00f3n de la Pol\u00edtica de privacidad revisada. Por lo tanto, le recomendamos que revise peri\u00f3dicamente esta p\u00e1gina.<\/p>\n<p>&nbsp;<\/p>\n<p><strong>Sus derechos<\/strong><\/p>\n<p>Dependiendo de la legislaci\u00f3n aplicable, usted puede tener derecho a acceder y rectificar o borrar sus datos personales o recibir una copia de sus datos personales, restringir u oponerse al tratamiento activo de sus datos, solicitarnos que compartamos (portemos) su informaci\u00f3n personal a otra entidad, retirar cualquier consentimiento que nos haya proporcionado para el tratamiento de sus datos, derecho a presentar una reclamaci\u00f3n ante una autoridad legal y otros derechos que puedan ser pertinentes en virtud de la legislaci\u00f3n aplicable. Para ejercer estos derechos, puede escribirnos a author@florreichl.com. Responderemos a su solicitud de conformidad con la legislaci\u00f3n aplicable.<\/p>\n<p>Tenga en cuenta que si no nos permite recopilar o procesar la informaci\u00f3n personal requerida o retira el consentimiento para procesar la misma para los fines requeridos, es posible que no pueda acceder o utilizar los servicios para los que se solicit\u00f3 su informaci\u00f3n.<\/p>\n<p>&nbsp;<\/p>\n<p><strong>Cookies, etc.<\/strong><\/p>\n<p>Para obtener m\u00e1s informaci\u00f3n sobre c\u00f3mo las utilizamos y sus opciones en relaci\u00f3n con estas tecnolog\u00edas de seguimiento, consulte nuestra Pol\u00edtica de cookies.<\/p>\n<p>&nbsp;<\/p>\n<p><strong>Seguridad<\/strong><\/p>\n<p>La seguridad de su informaci\u00f3n es importante para nosotros y utilizaremos medidas de seguridad razonables para evitar la p\u00e9rdida, el uso indebido o la alteraci\u00f3n no autorizada de su informaci\u00f3n bajo nuestro control. Sin embargo, dados los riesgos inherentes, no podemos garantizar una seguridad absoluta y, en consecuencia, no podemos asegurar o garantizar la seguridad de cualquier informaci\u00f3n que nos transmita y usted lo hace bajo su propio riesgo.<\/p>\n<p>&nbsp;<\/p>\n<p><strong>Responsable de quejas y protecci\u00f3n de datos<\/strong><\/p>\n<p>Si tiene alguna duda o preocupaci\u00f3n sobre el tratamiento de la informaci\u00f3n de que dispone con nosotros, puede enviar un correo electr\u00f3nico a nuestro Responsable de Quejas a Flor Reichl, author@florreichl.com, correo electr\u00f3nico: author@florreichl.com. Trataremos sus preocupaciones de acuerdo con la legislaci\u00f3n aplicable.<\/p>\n","protected":false},"excerpt":{"rendered":"<p>Pol\u00edtica de privacidad Esta Pol\u00edtica de privacidad describe las pol\u00edticas de Flor Reichl, -, Cantabria -, Espa\u00f1a, email: author@florreichl.com, tel\u00e9fono: &#8211; sobre la recopilaci\u00f3n, uso y divulgaci\u00f3n de su informaci\u00f3n que recopilamos cuando usted utiliza nuestro sitio web ( https:\/\/florreichl.com ). (el \u00abServicio \u00bb). Al acceder o utilizar el Servicio, usted consiente la recogida, uso y divulgaci\u00f3n de su informaci\u00f3n de acuerdo con esta Pol\u00edtica de privacidad. Si no da su consentimiento, le rogamos que no acceda al Servicio ni lo utilice. Podemos modificar esta Pol\u00edtica de privacidad en cualquier momento sin previo aviso y publicaremos la Pol\u00edtica de privacidad revisada en el Servicio. La Pol\u00edtica revisada entrar\u00e1 en vigor a los 180 d\u00edas de su publicaci\u00f3n en el Servicio y su acceso o uso continuado del Servicio despu\u00e9s de dicho plazo constituir\u00e1 su aceptaci\u00f3n de la Pol\u00edtica de privacidad revisada. Por lo tanto, le recomendamos que revise peri\u00f3dicamente esta p\u00e1gina. &nbsp; Sus derechos Dependiendo de la legislaci\u00f3n aplicable, usted puede tener derecho a acceder y rectificar o borrar sus datos personales o recibir una copia de sus datos personales, restringir u oponerse al tratamiento activo de sus datos, solicitarnos que compartamos (portemos) su informaci\u00f3n personal a otra entidad, retirar cualquier consentimiento que nos haya proporcionado para el tratamiento de sus datos, derecho a presentar una reclamaci\u00f3n ante una autoridad legal y otros derechos que puedan ser pertinentes en virtud de la legislaci\u00f3n aplicable. Para ejercer estos derechos, puede escribirnos a author@florreichl.com. Responderemos a su solicitud de conformidad con la legislaci\u00f3n aplicable. Tenga en cuenta que si no nos permite recopilar o procesar la informaci\u00f3n personal requerida o retira el consentimiento para procesar la misma para los fines requeridos, es posible que no pueda acceder o utilizar los servicios para los que se solicit\u00f3 su informaci\u00f3n. &nbsp; Cookies, etc. Para obtener m\u00e1s informaci\u00f3n sobre c\u00f3mo las utilizamos y sus opciones en relaci\u00f3n con estas tecnolog\u00edas de seguimiento, consulte nuestra Pol\u00edtica de cookies. &nbsp; Seguridad La seguridad de su informaci\u00f3n es importante para nosotros y utilizaremos medidas de seguridad razonables para evitar la p\u00e9rdida, el uso indebido o la alteraci\u00f3n no autorizada de su informaci\u00f3n bajo nuestro control. Sin embargo, dados los riesgos inherentes, no podemos garantizar una seguridad absoluta y, en consecuencia, no podemos asegurar o garantizar la seguridad de cualquier informaci\u00f3n que nos transmita y usted lo hace bajo su propio riesgo. &nbsp; Responsable de quejas y protecci\u00f3n de datos Si tiene alguna duda o preocupaci\u00f3n sobre el tratamiento de la informaci\u00f3n de que dispone con nosotros, puede enviar un correo electr\u00f3nico a nuestro Responsable de Quejas a Flor Reichl, author@florreichl.com, correo electr\u00f3nico: author@florreichl.com. Trataremos sus preocupaciones de acuerdo con la legislaci\u00f3n aplicable.<\/p>\n","protected":false},"author":2,"featured_media":0,"parent":0,"menu_order":0,"comment_status":"closed","ping_status":"closed","template":"","meta":{"om_disable_all_campaigns":false,"_monsterinsights_skip_tracking":false,"_monsterinsights_sitenote_active":false,"_monsterinsights_sitenote_note":"","_monsterinsights_sitenote_category":0,"footnotes":""},"class_list":["post-199","page","type-page","status-publish","hentry"],"aioseo_notices":[],"_links":{"self":[{"href":"https:\/\/florreichl.com\/index.php?rest_route=\/wp\/v2\/pages\/199","targetHints":{"allow":["GET"]}}],"collection":[{"href":"https:\/\/florreichl.com\/index.php?rest_route=\/wp\/v2\/pages"}],"about":[{"href":"https:\/\/florreichl.com\/index.php?rest_route=\/wp\/v2\/types\/page"}],"author":[{"embeddable":true,"href":"https:\/\/florreichl.com\/index.php?rest_route=\/wp\/v2\/users\/2"}],"replies":[{"embeddable":true,"href":"https:\/\/florreichl.com\/index.php?rest_route=%2Fwp%2Fv2%2Fcomments&post=199"}],"version-history":[{"count":7,"href":"https:\/\/florreichl.com\/index.php?rest_route=\/wp\/v2\/pages\/199\/revisions"}],"predecessor-version":[{"id":228,"href":"https:\/\/florreichl.com\/index.php?rest_route=\/wp\/v2\/pages\/199\/revisions\/228"}],"wp:attachment":[{"href":"https:\/\/florreichl.com\/index.php?rest_route=%2Fwp%2Fv2%2Fmedia&parent=199"}],"curies":[{"name":"wp","href":"https:\/\/api.w.org\/{rel}","templated":true}]}}